{"id":52,"date":"2011-02-08T17:25:05","date_gmt":"2011-02-08T17:25:05","guid":{"rendered":"http:\/\/abandon-hope.net\/?page_id=52"},"modified":"2013-01-15T20:15:23","modified_gmt":"2013-01-15T20:15:23","slug":"band","status":"publish","type":"page","link":"https:\/\/abandon-hope.de\/?page_id=52","title":{"rendered":"Bandinfo"},"content":{"rendered":"<p style=\"text-align: center;\"><a href=\"http:\/\/abandon-hope.de\/wp-content\/uploads\/2011\/02\/Abandon-Hope-Bandpic.png\"><img decoding=\"async\" loading=\"lazy\" class=\"aligncenter  wp-image-636\" title=\"Abandon Hope Bandpic\" src=\"http:\/\/abandon-hope.de\/wp-content\/uploads\/2011\/02\/Abandon-Hope-Bandpic-1024x796.png\" alt=\"\" width=\"246\" height=\"191\" srcset=\"https:\/\/abandon-hope.de\/wp-content\/uploads\/2011\/02\/Abandon-Hope-Bandpic-1024x796.png 1024w, https:\/\/abandon-hope.de\/wp-content\/uploads\/2011\/02\/Abandon-Hope-Bandpic-300x233.png 300w, https:\/\/abandon-hope.de\/wp-content\/uploads\/2011\/02\/Abandon-Hope-Bandpic.png 1063w\" sizes=\"(max-width: 246px) 100vw, 246px\" \/><\/a><\/p>\n<p>Mit zwei als stark rezensierten Produktionen im R\u00fccken und mit Waik (Rabenschrey) als neuem Mann an der Gitarre melden sich die vier M\u00fcnsteraner von Abandon Hope zur\u00fcck. Mit dem im Fr\u00fchjahr erscheinenden neuen Album und der Erfahrung von \u00fcber 50 Live-Gigs (u.a. mit Prime Circle, 4Lyn, Crosscut und Callejon) startet man in die kommende Festivalsaison.<\/p>\n<p>Abandon Hope spielen modernen Metal gekreuzt mit Southern Rock. Facettenreich kommen tighte Grooves, treibend rockende Riffs und abwechslungsreiche Stimmfarben und Melodien daher, die trotz Eing\u00e4ngigkeit stets f\u00fcr \u00dcberaschungen sorgen.<\/p>\n<p style=\"text-align: center;\"><em>&#8222;Stell&#8216; dir unseren Sound vor, als w\u00fcrden sich Godsmack,<br \/>\nBlack Label Society und Life of Agony an den Ufern des<br \/>\nMississippi zum BBQ treffen. Dieser satte Klangcocktail<br \/>\nrutscht dir in den Hals wie ein feurig-mariniertes Steak und<br \/>\ndu sp\u00fclst es runter mit einem Pitcher Gerstenkaltschale.&#8220;<br \/>\n<em>Hommel (vox)<\/em><\/em><\/p>\n<p>Auch das kommende Album wird ein gro\u00dfes St\u00fcck Bash &#8217;n&#8216; Bang, bei dem man seine Wohnzimmereinrichtung gepflegt im Takt zerlegen kann.<\/p>\n","protected":false},"excerpt":{"rendered":"<p>Mit zwei als stark rezensierten Produktionen im R\u00fccken und mit Waik (Rabenschrey) als neuem Mann an der Gitarre melden sich die vier M\u00fcnsteraner von Abandon Hope zur\u00fcck. Mit dem im Fr\u00fchjahr erscheinenden neuen Album und der Erfahrung von \u00fcber 50 Live-Gigs (u.a. mit Prime Circle, 4Lyn, Crosscut und Callejon) startet man in die kommende Festivalsaison. [&hellip;]<\/p>\n","protected":false},"author":1,"featured_media":0,"parent":0,"menu_order":0,"comment_status":"closed","ping_status":"closed","template":"","meta":[],"_links":{"self":[{"href":"https:\/\/abandon-hope.de\/index.php?rest_route=\/wp\/v2\/pages\/52"}],"collection":[{"href":"https:\/\/abandon-hope.de\/index.php?rest_route=\/wp\/v2\/pages"}],"about":[{"href":"https:\/\/abandon-hope.de\/index.php?rest_route=\/wp\/v2\/types\/page"}],"author":[{"embeddable":true,"href":"https:\/\/abandon-hope.de\/index.php?rest_route=\/wp\/v2\/users\/1"}],"replies":[{"embeddable":true,"href":"https:\/\/abandon-hope.de\/index.php?rest_route=%2Fwp%2Fv2%2Fcomments&post=52"}],"version-history":[{"count":9,"href":"https:\/\/abandon-hope.de\/index.php?rest_route=\/wp\/v2\/pages\/52\/revisions"}],"predecessor-version":[{"id":59,"href":"https:\/\/abandon-hope.de\/index.php?rest_route=\/wp\/v2\/pages\/52\/revisions\/59"}],"wp:attachment":[{"href":"https:\/\/abandon-hope.de\/index.php?rest_route=%2Fwp%2Fv2%2Fmedia&parent=52"}],"curies":[{"name":"wp","href":"https:\/\/api.w.org\/{rel}","templated":true}]}}