{"id":67,"date":"2011-02-08T18:29:26","date_gmt":"2011-02-08T18:29:26","guid":{"rendered":"http:\/\/abandon-hope.net\/?page_id=67"},"modified":"2023-02-01T11:39:45","modified_gmt":"2023-02-01T11:39:45","slug":"merch","status":"publish","type":"page","link":"https:\/\/abandon-hope.de\/?page_id=67","title":{"rendered":"Merch"},"content":{"rendered":"<h2>Bestellungen per Mail an<\/h2>\n<p>merch @abandon-hope.de<\/p>\n<h2 style=\"text-align: left;\">CDs<\/h2>\n<p style=\"text-align: left;\"><a href=\"http:\/\/abandon-hope.de\/wp-content\/uploads\/2011\/02\/Album-Settle-the-Score-Announce1.jpg\"><img decoding=\"async\" loading=\"lazy\" class=\"alignnone  wp-image-788\" title=\"Album Settle the Score Announce\" src=\"http:\/\/abandon-hope.de\/wp-content\/uploads\/2011\/02\/Album-Settle-the-Score-Announce1-300x268.jpg\" alt=\"\" width=\"199\" height=\"198\" \/><\/a><\/p>\n<h3 style=\"text-align: left;\">Settle the Score<\/h3>\n<p style=\"text-align: left;\">10 Tracks Spielzeit: 54:50 min. Digipack, 20 Seiten Booklet (farbig)<\/p>\n<p style=\"text-align: left;\">Preis: 15,00 \u20ac (inkl. Versandkosten)<\/p>\n<p style=\"text-align: left;\">produced by Wolfgang Brammertz &amp; Abandon Hope, recorded, mixed &amp; mastered at Fox Music Studios Telgte 2014<\/p>\n<p><a href=\"http:\/\/abandon-hope.net\/wp-content\/uploads\/2011\/02\/theendlessride.jpg\"><img decoding=\"async\" loading=\"lazy\" class=\"alignnone size-full wp-image-73\" title=\"theendlessride\" src=\"http:\/\/abandon-hope.net\/wp-content\/uploads\/2011\/02\/theendlessride.jpg\" alt=\"\" width=\"199\" height=\"199\" srcset=\"https:\/\/abandon-hope.de\/wp-content\/uploads\/2011\/02\/theendlessride.jpg 199w, https:\/\/abandon-hope.de\/wp-content\/uploads\/2011\/02\/theendlessride-150x150.jpg 150w\" sizes=\"(max-width: 199px) 100vw, 199px\" \/><\/a><\/p>\n<h3>The endless Ride<\/h3>\n<p>11 Tracks Spielzeit: 44:54 min. Digipack, 20 Seiten Booklet (farbig)<\/p>\n<p>Preis: 10,00 \u20ac<br \/>\n<small>(inkl. Versandkosten)<\/small><\/p>\n<p><small>produced by Johannes Makowski &amp; Abandon Hope<br \/>\nrecorded 2005 at abandon hope studio<br \/>\nmixed and mastered 2006 at blue sound studios hilter-os <\/small><\/p>\n<p><a href=\"http:\/\/abandon-hope.net\/wp-content\/uploads\/2011\/02\/existance-cover.jpg\"><img decoding=\"async\" loading=\"lazy\" class=\"alignnone size-full wp-image-70\" title=\"existance-cover\" src=\"http:\/\/abandon-hope.net\/wp-content\/uploads\/2011\/02\/existance-cover.jpg\" alt=\"\" width=\"199\" height=\"201\" \/><\/a><\/p>\n<h3>Existance<\/h3>\n<p>4 Tracks<br \/>\nSpielzeit: 18:25 min.<br \/>\nJewel Case, 4 Seiten Booklett (farbig)<\/p>\n<p>Preis: 5,00 \u20ac<br \/>\n<small>(zzgl. Versandkosten)<\/small><\/p>\n<p><small>produced by Johannes Makowski &amp; Abandon Hope<br \/>\nrecorded summer 03 at blue sound studios hilter-os <\/small><\/p>\n<h2>Shirts<\/h2>\n<p><a href=\"http:\/\/abandon-hope.de\/wp-content\/uploads\/2011\/02\/Abandon-Hope-Black-roundneck-S-XXL.jpg\"><img decoding=\"async\" loading=\"lazy\" class=\"alignnone size-large wp-image-786\" title=\"Abandon Hope Black roundneck S-XXL\" src=\"http:\/\/abandon-hope.de\/wp-content\/uploads\/2011\/02\/Abandon-Hope-Black-roundneck-S-XXL-1024x681.jpg\" alt=\"\" width=\"640\" height=\"425\" srcset=\"https:\/\/abandon-hope.de\/wp-content\/uploads\/2011\/02\/Abandon-Hope-Black-roundneck-S-XXL-1024x681.jpg 1024w, https:\/\/abandon-hope.de\/wp-content\/uploads\/2011\/02\/Abandon-Hope-Black-roundneck-S-XXL-300x199.jpg 300w, https:\/\/abandon-hope.de\/wp-content\/uploads\/2011\/02\/Abandon-Hope-Black-roundneck-S-XXL.jpg 1505w\" sizes=\"(max-width: 640px) 100vw, 640px\" \/><\/a><\/p>\n<h3>T-Shirt<\/h3>\n<p>100% Baumwolle<br \/>\nFarben: schwarz<br \/>\nGr\u00f6\u00dfen: S,M, L, XL, XXL<\/p>\n<p>Preis: 12,00 \u20ac<br \/>\n<small>(zzgl. Versandkosten)<\/small><\/p>\n<p><span style=\"color: #000000; font-size: 1.4em; line-height: 1.5em;\">Girlies<\/span><\/p>\n<p><a href=\"http:\/\/abandon-hope.de\/wp-content\/uploads\/2011\/02\/Girlie-Front-and-Rear.jpg\"><img decoding=\"async\" loading=\"lazy\" class=\"alignnone size-medium wp-image-794\" title=\"Girlie Front and Rear\" src=\"http:\/\/abandon-hope.de\/wp-content\/uploads\/2011\/02\/Girlie-Front-and-Rear-300x199.jpg\" alt=\"\" width=\"300\" height=\"199\" srcset=\"https:\/\/abandon-hope.de\/wp-content\/uploads\/2011\/02\/Girlie-Front-and-Rear-300x199.jpg 300w, https:\/\/abandon-hope.de\/wp-content\/uploads\/2011\/02\/Girlie-Front-and-Rear.jpg 620w\" sizes=\"(max-width: 300px) 100vw, 300px\" \/><\/a><\/p>\n<p>100% Baumwolle<br \/>\nFarben: schwarz<br \/>\nGr\u00f6\u00dfen: S,M, L, XL, XXL<\/p>\n<p>Preis: 12,00 \u20ac<br \/>\n<small>(zzgl. Versandkosten)<\/small><\/p>\n<p><span style=\"color: #000000; font-size: 1.4em; line-height: 1.5em;\">Original Dickies Work-Shirts<\/span><\/p>\n<p><a href=\"http:\/\/abandon-hope.net\/wp-content\/uploads\/2011\/02\/wshirt_kurz.jpg\"><img decoding=\"async\" loading=\"lazy\" class=\"alignnone size-full wp-image-75\" title=\"wshirt_kurz\" src=\"http:\/\/abandon-hope.net\/wp-content\/uploads\/2011\/02\/wshirt_kurz.jpg\" alt=\"\" width=\"390\" height=\"239\" srcset=\"https:\/\/abandon-hope.de\/wp-content\/uploads\/2011\/02\/wshirt_kurz.jpg 390w, https:\/\/abandon-hope.de\/wp-content\/uploads\/2011\/02\/wshirt_kurz-300x183.jpg 300w\" sizes=\"(max-width: 390px) 100vw, 390px\" \/><\/a><\/p>\n<h3>Work-Shirt (Kurzarm)<\/h3>\n<p>Gebraucht, in Top-Zustand!<br \/>\nFront: Logo (gestickt, 3 farbig)<br \/>\nBack: Logo (flockdruck, 1 farbig)<br \/>\nFarben: schwarz, weiss, beige, blau, grau<br \/>\nGr\u00f6\u00dfen: S, M, L, XL, XXL<\/p>\n<p>Preis: 35,00 \u20ac<br \/>\n<small>(zzgl. Versandkosten)<\/small><\/p>\n<p><strong>Achtung!!<\/strong><br \/>\nBei den Workshirts haben wir nicht mehr alle Farben in allen Gr\u00f6\u00dfen erh\u00e4ltlich.<br \/>\nDeswegen am besten w\u00e4hrend einem Konzert vorbeischauen und\u00a0aussuchen.<\/p>\n<p><img decoding=\"async\" loading=\"lazy\" class=\"alignnone size-full wp-image-76\" title=\"wshirt_lang\" src=\"http:\/\/abandon-hope.net\/wp-content\/uploads\/2011\/02\/wshirt_lang.jpg\" alt=\"\" width=\"390\" height=\"239\" srcset=\"https:\/\/abandon-hope.de\/wp-content\/uploads\/2011\/02\/wshirt_lang.jpg 390w, https:\/\/abandon-hope.de\/wp-content\/uploads\/2011\/02\/wshirt_lang-300x183.jpg 300w\" sizes=\"(max-width: 390px) 100vw, 390px\" \/><\/p>\n<h3>Work-Shirt (Langarm)<\/h3>\n<p>Original Dickies Workshirt!<br \/>\nGebraucht, in Top-Zustand!<br \/>\nFront: Logo (gestickt, 3 farbig)<br \/>\nBack: Logo (Beflockung, 1 farbig)<br \/>\nFarben: schwarz, weiss, beige, blau, grau<br \/>\nGr\u00f6\u00dfen: S, M, L, XL, XXL<\/p>\n<p>Preis: 35,00 \u20ac<br \/>\n<small>(zzgl. Versandkosten)<\/small><\/p>\n<p><strong>Achtung!!<\/strong><br \/>\nBei den Workshirts haben wir nicht mehr alle Farben in allen Gr\u00f6\u00dfen erh\u00e4ltlich.<br \/>\nDeswegen am besten w\u00e4hrend einem Konzert vorbeischauen und\u00a0aussuchen.<\/p>\n","protected":false},"excerpt":{"rendered":"<p>Bestellungen per Mail an merch @abandon-hope.de CDs Settle the Score 10 Tracks Spielzeit: 54:50 min. Digipack, 20 Seiten Booklet (farbig) Preis: 15,00 \u20ac (inkl. Versandkosten) produced by Wolfgang Brammertz &amp; Abandon Hope, recorded, mixed &amp; mastered at Fox Music Studios Telgte 2014 The endless Ride 11 Tracks Spielzeit: 44:54 min. Digipack, 20 Seiten Booklet (farbig) [&hellip;]<\/p>\n","protected":false},"author":1,"featured_media":0,"parent":0,"menu_order":0,"comment_status":"closed","ping_status":"closed","template":"","meta":[],"_links":{"self":[{"href":"https:\/\/abandon-hope.de\/index.php?rest_route=\/wp\/v2\/pages\/67"}],"collection":[{"href":"https:\/\/abandon-hope.de\/index.php?rest_route=\/wp\/v2\/pages"}],"about":[{"href":"https:\/\/abandon-hope.de\/index.php?rest_route=\/wp\/v2\/types\/page"}],"author":[{"embeddable":true,"href":"https:\/\/abandon-hope.de\/index.php?rest_route=\/wp\/v2\/users\/1"}],"replies":[{"embeddable":true,"href":"https:\/\/abandon-hope.de\/index.php?rest_route=%2Fwp%2Fv2%2Fcomments&post=67"}],"version-history":[{"count":12,"href":"https:\/\/abandon-hope.de\/index.php?rest_route=\/wp\/v2\/pages\/67\/revisions"}],"predecessor-version":[{"id":1068,"href":"https:\/\/abandon-hope.de\/index.php?rest_route=\/wp\/v2\/pages\/67\/revisions\/1068"}],"wp:attachment":[{"href":"https:\/\/abandon-hope.de\/index.php?rest_route=%2Fwp%2Fv2%2Fmedia&parent=67"}],"curies":[{"name":"wp","href":"https:\/\/api.w.org\/{rel}","templated":true}]}}